{"id":106,"date":"2023-10-24T18:47:10","date_gmt":"2023-10-24T16:47:10","guid":{"rendered":"https:\/\/brnofilm.cz\/?page_id=106"},"modified":"2024-01-29T22:48:47","modified_gmt":"2024-01-29T21:48:47","slug":"faq","status":"publish","type":"page","link":"https:\/\/brnofilm.cz\/de\/faq\/","title":{"rendered":"FAQ"},"content":{"rendered":"<div data-elementor-type=\"wp-page\" data-elementor-id=\"106\" class=\"elementor elementor-106\" data-elementor-post-type=\"page\">\n\t\t\t\t\t\t<section class=\"elementor-section elementor-top-section elementor-element elementor-element-bcf982f elementor-reverse-tablet elementor-reverse-mobile elementor-section-boxed elementor-section-height-default elementor-section-height-default\" data-id=\"bcf982f\" data-element_type=\"section\">\n\t\t\t\t\t\t<div class=\"elementor-container elementor-column-gap-no\">\n\t\t\t\t\t<div class=\"elementor-column elementor-col-100 elementor-top-column elementor-element elementor-element-adfac92\" data-id=\"adfac92\" data-element_type=\"column\">\n\t\t\t<div class=\"elementor-widget-wrap elementor-element-populated\">\n\t\t\t\t\t\t<div class=\"elementor-element elementor-element-8ff10b3 elementor-widget elementor-widget-accordion\" data-id=\"8ff10b3\" data-element_type=\"widget\" data-widget_type=\"accordion.default\">\n\t\t\t\t<div class=\"elementor-widget-container\">\n\t\t\t<style>\/*! elementor - v3.23.0 - 05-08-2024 *\/\n.elementor-accordion{text-align:start}.elementor-accordion .elementor-accordion-item{border:1px solid #d5d8dc}.elementor-accordion .elementor-accordion-item+.elementor-accordion-item{border-top:none}.elementor-accordion .elementor-tab-title{margin:0;padding:15px 20px;font-weight:700;line-height:1;cursor:pointer;outline:none}.elementor-accordion .elementor-tab-title .elementor-accordion-icon{display:inline-block;width:1.5em}.elementor-accordion .elementor-tab-title .elementor-accordion-icon svg{width:1em;height:1em}.elementor-accordion .elementor-tab-title .elementor-accordion-icon.elementor-accordion-icon-right{float:right;text-align:right}.elementor-accordion .elementor-tab-title .elementor-accordion-icon.elementor-accordion-icon-left{float:left;text-align:left}.elementor-accordion .elementor-tab-title .elementor-accordion-icon .elementor-accordion-icon-closed{display:block}.elementor-accordion .elementor-tab-title .elementor-accordion-icon .elementor-accordion-icon-opened,.elementor-accordion .elementor-tab-title.elementor-active .elementor-accordion-icon-closed{display:none}.elementor-accordion .elementor-tab-title.elementor-active .elementor-accordion-icon-opened{display:block}.elementor-accordion .elementor-tab-content{display:none;padding:15px 20px;border-top:1px solid #d5d8dc}@media (max-width:767px){.elementor-accordion .elementor-tab-title{padding:12px 15px}.elementor-accordion .elementor-tab-title .elementor-accordion-icon{width:1.2em}.elementor-accordion .elementor-tab-content{padding:7px 15px}}.e-con-inner>.elementor-widget-accordion,.e-con>.elementor-widget-accordion{width:var(--container-widget-width);--flex-grow:var(--container-widget-flex-grow)}<\/style>\t\t<div class=\"elementor-accordion\">\n\t\t\t\t\t\t\t<div class=\"elementor-accordion-item\">\n\t\t\t\t\t<div id=\"elementor-tab-title-1501\" class=\"elementor-tab-title\" data-tab=\"1\" role=\"button\" aria-controls=\"elementor-tab-content-1501\" aria-expanded=\"false\">\n\t\t\t\t\t\t\t\t\t\t\t\t\t<span class=\"elementor-accordion-icon elementor-accordion-icon-left\" aria-hidden=\"true\">\n\t\t\t\t\t\t\t\t\t\t\t\t\t\t\t<span class=\"elementor-accordion-icon-closed\"><i class=\"fas fa-plus\"><\/i><\/span>\n\t\t\t\t\t\t\t\t<span class=\"elementor-accordion-icon-opened\"><i class=\"fas fa-minus\"><\/i><\/span>\n\t\t\t\t\t\t\t\t\t\t\t\t\t\t<\/span>\n\t\t\t\t\t\t\t\t\t\t\t\t<a class=\"elementor-accordion-title\" tabindex=\"0\">Wie komme ich an meine Reservierung heran?<\/a>\n\t\t\t\t\t<\/div>\n\t\t\t\t\t<div id=\"elementor-tab-content-1501\" class=\"elementor-tab-content elementor-clearfix\" data-tab=\"1\" role=\"region\" aria-labelledby=\"elementor-tab-title-1501\"><p>Wenn Sie planen, im Bezirk Brno-Central zu drehen, wenden Sie sich bitte zuerst an\u00a0<a href=\"https:\/\/www.brno-stred.cz\/urad-mc\/odbory\/odbor-dopravy\">Verkehrsabteilung des Stadtbezirks Br\u00fcnn-Zentrum<\/a>. Detaillierte Anweisungen f\u00fcr die Bewerbung und die erforderlichen Anh\u00e4nge finden Sie unter <a href=\"https:\/\/www.brno-stred.cz\/urad-mc\/zivotni-situace\/doprava\/povoleni-zvlastniho-uzivani-komunikace\/povoleni-zuk-zabory-vykopove-prace\">HIER<\/a>(Seien Sie nicht \u00fcberrascht, das Ausgrabungsformular wird tats\u00e4chlich f\u00fcr das Filmmaterial verwendet). Wenn Sie sich f\u00fcr einen anderen Stadtteil entschieden haben, wenden Sie sich an die entsprechende Abteilung einer der\u00a0<a href=\"https:\/\/www.brno.cz\/mestske-casti-prehled\">29 Stadtteile von Br\u00fcnn<\/a>.<\/p><\/div>\n\t\t\t\t<\/div>\n\t\t\t\t\t\t\t<div class=\"elementor-accordion-item\">\n\t\t\t\t\t<div id=\"elementor-tab-title-1502\" class=\"elementor-tab-title\" data-tab=\"2\" role=\"button\" aria-controls=\"elementor-tab-content-1502\" aria-expanded=\"false\">\n\t\t\t\t\t\t\t\t\t\t\t\t\t<span class=\"elementor-accordion-icon elementor-accordion-icon-left\" aria-hidden=\"true\">\n\t\t\t\t\t\t\t\t\t\t\t\t\t\t\t<span class=\"elementor-accordion-icon-closed\"><i class=\"fas fa-plus\"><\/i><\/span>\n\t\t\t\t\t\t\t\t<span class=\"elementor-accordion-icon-opened\"><i class=\"fas fa-minus\"><\/i><\/span>\n\t\t\t\t\t\t\t\t\t\t\t\t\t\t<\/span>\n\t\t\t\t\t\t\t\t\t\t\t\t<a class=\"elementor-accordion-title\" tabindex=\"0\">Brauche ich eine Drehgenehmigung, wenn ich kein Filmmaterial ben\u00f6tige?<\/a>\n\t\t\t\t\t<\/div>\n\t\t\t\t\t<div id=\"elementor-tab-content-1502\" class=\"elementor-tab-content elementor-clearfix\" data-tab=\"2\" role=\"region\" aria-labelledby=\"elementor-tab-title-1502\"><p>Solange Sie den Verkehr nicht st\u00f6ren oder Fu\u00dfg\u00e4nger behindern, melden Sie die Dreharbeiten einfach bei der Gemeinde. Im Falle des Stadtbezirks Br\u00fcnn-Zentrum k\u00f6nnen Sie das folgende Formular verwenden <a href=\"https:\/\/www.brno-stred.cz\/potrebuji-si-vyridit\/poradani-akci-a-shromazdeni\/poradani-kulturnich-a-sportovnich-akci\/on-line-formular-nahlaseni-kulturni-a-sportovni-akce\">Ank\u00fcndigung von \u00f6ffentlichen Sport- und Kulturveranstaltungen, Tanzveranstaltungen und Diskotheken<\/a>die mindestens 5 Arbeitstage vor der Veranstaltung online verf\u00fcgbar ist.<\/p><\/div>\n\t\t\t\t<\/div>\n\t\t\t\t\t\t\t<div class=\"elementor-accordion-item\">\n\t\t\t\t\t<div id=\"elementor-tab-title-1503\" class=\"elementor-tab-title\" data-tab=\"3\" role=\"button\" aria-controls=\"elementor-tab-content-1503\" aria-expanded=\"false\">\n\t\t\t\t\t\t\t\t\t\t\t\t\t<span class=\"elementor-accordion-icon elementor-accordion-icon-left\" aria-hidden=\"true\">\n\t\t\t\t\t\t\t\t\t\t\t\t\t\t\t<span class=\"elementor-accordion-icon-closed\"><i class=\"fas fa-plus\"><\/i><\/span>\n\t\t\t\t\t\t\t\t<span class=\"elementor-accordion-icon-opened\"><i class=\"fas fa-minus\"><\/i><\/span>\n\t\t\t\t\t\t\t\t\t\t\t\t\t\t<\/span>\n\t\t\t\t\t\t\t\t\t\t\t\t<a class=\"elementor-accordion-title\" tabindex=\"0\">Kann ich mit einer Drohne in der Stadt filmen?<\/a>\n\t\t\t\t\t<\/div>\n\t\t\t\t\t<div id=\"elementor-tab-content-1503\" class=\"elementor-tab-content elementor-clearfix\" data-tab=\"3\" role=\"region\" aria-labelledby=\"elementor-tab-title-1503\"><p>Bei Drohnenaufnahmen in bewohnten Gebieten ist es immer erforderlich, sich an die Zivilluftfahrtbeh\u00f6rde zu wenden und eine Betriebsgenehmigung (OP) mit allen vorgeschriebenen Anlagen zu beantragen oder die <a href=\"http:\/\/www.databazebrnofilm.cz\/\">die Dienste eines Fachmanns<\/a>der bereits zugelassen ist.<\/p><\/div>\n\t\t\t\t<\/div>\n\t\t\t\t\t\t\t<div class=\"elementor-accordion-item\">\n\t\t\t\t\t<div id=\"elementor-tab-title-1504\" class=\"elementor-tab-title\" data-tab=\"4\" role=\"button\" aria-controls=\"elementor-tab-content-1504\" aria-expanded=\"false\">\n\t\t\t\t\t\t\t\t\t\t\t\t\t<span class=\"elementor-accordion-icon elementor-accordion-icon-left\" aria-hidden=\"true\">\n\t\t\t\t\t\t\t\t\t\t\t\t\t\t\t<span class=\"elementor-accordion-icon-closed\"><i class=\"fas fa-plus\"><\/i><\/span>\n\t\t\t\t\t\t\t\t<span class=\"elementor-accordion-icon-opened\"><i class=\"fas fa-minus\"><\/i><\/span>\n\t\t\t\t\t\t\t\t\t\t\t\t\t\t<\/span>\n\t\t\t\t\t\t\t\t\t\t\t\t<a class=\"elementor-accordion-title\" tabindex=\"0\">Welche Berufe und Dienstleistungen kann ich in Br\u00fcnn nachfragen?<\/a>\n\t\t\t\t\t<\/div>\n\t\t\t\t\t<div id=\"elementor-tab-content-1504\" class=\"elementor-tab-content elementor-clearfix\" data-tab=\"4\" role=\"region\" aria-labelledby=\"elementor-tab-title-1504\"><p>Einen \u00dcberblick \u00fcber alle Berufe und Dienstleistungen finden Sie unter\u00a0<a href=\"http:\/\/www.databazebrnofilm.cz\/\">Br\u00fcnner Filmdatenbank<\/a> oder kontaktieren Sie das Br\u00fcnner Filmb\u00fcro.<\/p><\/div>\n\t\t\t\t<\/div>\n\t\t\t\t\t\t\t<div class=\"elementor-accordion-item\">\n\t\t\t\t\t<div id=\"elementor-tab-title-1505\" class=\"elementor-tab-title\" data-tab=\"5\" role=\"button\" aria-controls=\"elementor-tab-content-1505\" aria-expanded=\"false\">\n\t\t\t\t\t\t\t\t\t\t\t\t\t<span class=\"elementor-accordion-icon elementor-accordion-icon-left\" aria-hidden=\"true\">\n\t\t\t\t\t\t\t\t\t\t\t\t\t\t\t<span class=\"elementor-accordion-icon-closed\"><i class=\"fas fa-plus\"><\/i><\/span>\n\t\t\t\t\t\t\t\t<span class=\"elementor-accordion-icon-opened\"><i class=\"fas fa-minus\"><\/i><\/span>\n\t\t\t\t\t\t\t\t\t\t\t\t\t\t<\/span>\n\t\t\t\t\t\t\t\t\t\t\t\t<a class=\"elementor-accordion-title\" tabindex=\"0\">Unverzichtbares Glossar f\u00fcr den Umgang mit Eingriffen in Br\u00fcnn:<\/a>\n\t\t\t\t\t<\/div>\n\t\t\t\t\t<div id=\"elementor-tab-content-1505\" class=\"elementor-tab-content elementor-clearfix\" data-tab=\"5\" role=\"region\" aria-labelledby=\"elementor-tab-title-1505\"><p>\"B\u00e9kom\"<br \/>BKOM - <a href=\"https:\/\/www.bkom.cz\/\" target=\"_blank\" rel=\"noopener\">Brno Communications, a.s.,<\/a><\/p><p>\u00a0<\/p><p>\"T\u00e9esb\u00e9co\"<br \/>TSB - <a href=\"https:\/\/www.tsb.cz\/\" target=\"_blank\" rel=\"noopener\">Technische Netze der Stadt Br\u00fcnn<\/a><\/p><p>\u00a0<\/p><p>\"Magos\", \"Magich\"<br \/>MMB - <a href=\"https:\/\/www.brno.cz\/\" target=\"_blank\" rel=\"noopener\">Stadtverwaltung Br\u00fcnn<\/a><\/p><p>\u00a0<\/p><p>\"Land\".<br \/>K\u00daJMK - <a href=\"https:\/\/www.jmk.cz\/\" target=\"_blank\" rel=\"noopener\">Regionalb\u00fcro der S\u00fcdm\u00e4hrischen Region<\/a><\/p><p>\u00a0<\/p><p>\"Okay\"<br \/>OK MMB - <a href=\"https:\/\/www.brno.cz\/w\/odbor-kultury\" target=\"_blank\" rel=\"noopener\">Abteilung f\u00fcr Kultur, Rathaus der Stadt Br\u00fcnn<\/a><\/p><p>\u00a0<\/p><p>\"Spaghetti\"<br \/>DHNP - <a href=\"https:\/\/www.provazek.cz\/\" target=\"_blank\" rel=\"noopener\">Husa na strings theater<\/a><\/p><p>\u00a0<\/p><p>\"Jancl\"<br \/><a href=\"https:\/\/www.ndbrno.cz\/o-divadle\/budovy\/janackovo-divadlo\/\" target=\"_blank\" rel=\"noopener\">Jan\u00e1\u010dek-Theater Br\u00fcnn<\/a><\/p><p>\u00a0<\/p><p>\"Morgal\"<br \/><a href=\"https:\/\/moravska-galerie.cz\/\" target=\"_blank\" rel=\"noopener\">M\u00e4hrische Galerie Br\u00fcnn<\/a><\/p><\/div>\n\t\t\t\t<\/div>\n\t\t\t\t\t\t\t\t<\/div>\n\t\t\t\t<\/div>\n\t\t\t\t<\/div>\n\t\t\t\t\t<\/div>\n\t\t<\/div>\n\t\t\t\t\t<\/div>\n\t\t<\/section>\n\t\t\t\t<\/div>","protected":false},"excerpt":{"rendered":"<p>Wie komme ich an meine Rechte? Wenn Sie beabsichtigen, im Bezirk Br\u00fcnn-Mitte zu drehen, wenden Sie sich bitte zuerst an die Verkehrsabteilung des Stadtbezirks Br\u00fcnn-Mitte. (Seien Sie nicht \u00fcberrascht, das Ausgrabungsformular wird eigentlich zum Filmen von Eingriffen verwendet). Wenn Sie einen anderen Stadtteil gew\u00e4hlt haben, wenden Sie sich bitte an die zust\u00e4ndige Abteilung eines der 29 Stadtbezirke von Br\u00fcnn. Ich habe wohl [...]<\/p>","protected":false},"author":1,"featured_media":1601,"parent":0,"menu_order":0,"comment_status":"closed","ping_status":"closed","template":"","meta":{"_acf_changed":false,"footnotes":""},"class_list":["post-106","page","type-page","status-publish","has-post-thumbnail","hentry"],"acf":[],"_links":{"self":[{"href":"https:\/\/brnofilm.cz\/de\/wp-json\/wp\/v2\/pages\/106","targetHints":{"allow":["GET"]}}],"collection":[{"href":"https:\/\/brnofilm.cz\/de\/wp-json\/wp\/v2\/pages"}],"about":[{"href":"https:\/\/brnofilm.cz\/de\/wp-json\/wp\/v2\/types\/page"}],"author":[{"embeddable":true,"href":"https:\/\/brnofilm.cz\/de\/wp-json\/wp\/v2\/users\/1"}],"replies":[{"embeddable":true,"href":"https:\/\/brnofilm.cz\/de\/wp-json\/wp\/v2\/comments?post=106"}],"version-history":[{"count":23,"href":"https:\/\/brnofilm.cz\/de\/wp-json\/wp\/v2\/pages\/106\/revisions"}],"predecessor-version":[{"id":1632,"href":"https:\/\/brnofilm.cz\/de\/wp-json\/wp\/v2\/pages\/106\/revisions\/1632"}],"wp:featuredmedia":[{"embeddable":true,"href":"https:\/\/brnofilm.cz\/de\/wp-json\/wp\/v2\/media\/1601"}],"wp:attachment":[{"href":"https:\/\/brnofilm.cz\/de\/wp-json\/wp\/v2\/media?parent=106"}],"curies":[{"name":"wp","href":"https:\/\/api.w.org\/{rel}","templated":true}]}}