{"id":111,"date":"2023-10-24T18:47:58","date_gmt":"2023-10-24T16:47:58","guid":{"rendered":"https:\/\/brnofilm.cz\/?page_id=111"},"modified":"2025-03-03T14:29:04","modified_gmt":"2025-03-03T13:29:04","slug":"kontakt","status":"publish","type":"page","link":"https:\/\/brnofilm.cz\/en\/contact\/","title":{"rendered":"Contact"},"content":{"rendered":"<div data-elementor-type=\"wp-page\" data-elementor-id=\"111\" class=\"elementor elementor-111\" data-elementor-post-type=\"page\">\n\t\t\t\t\t\t<section class=\"elementor-section elementor-top-section elementor-element elementor-element-87739e9 elementor-section-boxed elementor-section-height-default elementor-section-height-default\" data-id=\"87739e9\" data-element_type=\"section\">\n\t\t\t\t\t\t<div class=\"elementor-container elementor-column-gap-no\">\n\t\t\t\t\t<div class=\"elementor-column elementor-col-50 elementor-top-column elementor-element elementor-element-5601dd0\" data-id=\"5601dd0\" data-element_type=\"column\">\n\t\t\t<div class=\"elementor-widget-wrap elementor-element-populated\">\n\t\t\t\t\t\t<div class=\"elementor-element elementor-element-dd3d9f7 elementor-widget elementor-widget-heading\" data-id=\"dd3d9f7\" data-element_type=\"widget\" data-widget_type=\"heading.default\">\n\t\t\t\t<div class=\"elementor-widget-container\">\n\t\t\t<style>\/*! elementor - v3.23.0 - 05-08-2024 *\/\n.elementor-heading-title{padding:0;margin:0;line-height:1}.elementor-widget-heading .elementor-heading-title[class*=elementor-size-]>a{color:inherit;font-size:inherit;line-height:inherit}.elementor-widget-heading .elementor-heading-title.elementor-size-small{font-size:15px}.elementor-widget-heading .elementor-heading-title.elementor-size-medium{font-size:19px}.elementor-widget-heading .elementor-heading-title.elementor-size-large{font-size:29px}.elementor-widget-heading .elementor-heading-title.elementor-size-xl{font-size:39px}.elementor-widget-heading .elementor-heading-title.elementor-size-xxl{font-size:59px}<\/style><h2 class=\"elementor-heading-title elementor-size-default\">Do you want to shoot with us?<br>Call, write!<\/h2>\t\t<\/div>\n\t\t\t\t<\/div>\n\t\t\t\t<section class=\"elementor-section elementor-inner-section elementor-element elementor-element-7a7cb15 elementor-section-boxed elementor-section-height-default elementor-section-height-default\" data-id=\"7a7cb15\" data-element_type=\"section\">\n\t\t\t\t\t\t<div class=\"elementor-container elementor-column-gap-no\">\n\t\t\t\t\t<div class=\"elementor-column elementor-col-50 elementor-inner-column elementor-element elementor-element-93bb2b7\" data-id=\"93bb2b7\" data-element_type=\"column\">\n\t\t\t<div class=\"elementor-widget-wrap elementor-element-populated\">\n\t\t\t\t\t\t<div class=\"elementor-element elementor-element-4a36fb4 elementor-widget elementor-widget-heading\" data-id=\"4a36fb4\" data-element_type=\"widget\" data-widget_type=\"heading.default\">\n\t\t\t\t<div class=\"elementor-widget-container\">\n\t\t\t<h5 class=\"elementor-heading-title elementor-size-default\">BRNO FILM OFFICE<\/h5>\t\t<\/div>\n\t\t\t\t<\/div>\n\t\t\t\t<div class=\"elementor-element elementor-element-cbe1dc2 elementor-widget elementor-widget-heading\" data-id=\"cbe1dc2\" data-element_type=\"widget\" data-widget_type=\"heading.default\">\n\t\t\t\t<div class=\"elementor-widget-container\">\n\t\t\t<p class=\"elementor-heading-title elementor-size-default\">TIC BRNO, p.o.<br>\nRadnicka 365\/2<br>\n602 00 Brno<\/p>\t\t<\/div>\n\t\t\t\t<\/div>\n\t\t\t\t\t<\/div>\n\t\t<\/div>\n\t\t\t\t<div class=\"elementor-column elementor-col-50 elementor-inner-column elementor-element elementor-element-604d87c\" data-id=\"604d87c\" data-element_type=\"column\">\n\t\t\t<div class=\"elementor-widget-wrap elementor-element-populated\">\n\t\t\t\t\t\t<div class=\"elementor-element elementor-element-a49df41 elementor-widget elementor-widget-heading\" data-id=\"a49df41\" data-element_type=\"widget\" data-widget_type=\"heading.default\">\n\t\t\t\t<div class=\"elementor-widget-container\">\n\t\t\t<h5 class=\"elementor-heading-title elementor-size-default\">Contact person<\/h5>\t\t<\/div>\n\t\t\t\t<\/div>\n\t\t\t\t<div class=\"elementor-element elementor-element-e355124 elementor-widget elementor-widget-heading\" data-id=\"e355124\" data-element_type=\"widget\" data-widget_type=\"heading.default\">\n\t\t\t\t<div class=\"elementor-widget-container\">\n\t\t\t<p class=\"elementor-heading-title elementor-size-default\">Mgr. Ivana Ko\u0161uli\u010dov\u00e1<br>\nkosulicova@ticbrno.cz<br>\n+420 773 771 556<\/p>\t\t<\/div>\n\t\t\t\t<\/div>\n\t\t\t\t\t<\/div>\n\t\t<\/div>\n\t\t\t\t\t<\/div>\n\t\t<\/section>\n\t\t\t\t<div class=\"elementor-element elementor-element-881a034 elementor-widget elementor-widget-text-editor\" data-id=\"881a034\" data-element_type=\"widget\" data-widget_type=\"text-editor.default\">\n\t\t\t\t<div class=\"elementor-widget-container\">\n\t\t\t<style>\/*! elementor - v3.23.0 - 05-08-2024 *\/\n.elementor-widget-text-editor.elementor-drop-cap-view-stacked .elementor-drop-cap{background-color:#69727d;color:#fff}.elementor-widget-text-editor.elementor-drop-cap-view-framed .elementor-drop-cap{color:#69727d;border:3px solid;background-color:transparent}.elementor-widget-text-editor:not(.elementor-drop-cap-view-default) .elementor-drop-cap{margin-top:8px}.elementor-widget-text-editor:not(.elementor-drop-cap-view-default) .elementor-drop-cap-letter{width:1em;height:1em}.elementor-widget-text-editor .elementor-drop-cap{float:left;text-align:center;line-height:1;font-size:50px}.elementor-widget-text-editor .elementor-drop-cap-letter{display:inline-block}<\/style>\t\t\t\t<p><em>\"I'll connect you with the right people at the authorities, introduce you to the system of permitting filming in the city and the possibilities of financial support, advise you on how to find the right people for the crew or recommend where to go for a drink or dinner in the evening. I don't know everything, but it's worth a try.\"<\/em><\/p>\t\t\t\t\t\t<\/div>\n\t\t\t\t<\/div>\n\t\t\t\t\t<\/div>\n\t\t<\/div>\n\t\t\t\t<div class=\"elementor-column elementor-col-50 elementor-top-column elementor-element elementor-element-59820aa\" data-id=\"59820aa\" data-element_type=\"column\" data-settings=\"{&quot;background_background&quot;:&quot;classic&quot;}\">\n\t\t\t<div class=\"elementor-widget-wrap elementor-element-populated\">\n\t\t\t\t\t\t<div class=\"elementor-element elementor-element-7451111 elementor-widget elementor-widget-image\" data-id=\"7451111\" data-element_type=\"widget\" data-widget_type=\"image.default\">\n\t\t\t\t<div class=\"elementor-widget-container\">\n\t\t\t<style>\/*! elementor - v3.23.0 - 05-08-2024 *\/\n.elementor-widget-image{text-align:center}.elementor-widget-image a{display:inline-block}.elementor-widget-image a img[src$=\".svg\"]{width:48px}.elementor-widget-image img{vertical-align:middle;display:inline-block}<\/style>\t\t\t\t\t\t\t\t\t\t<img fetchpriority=\"high\" decoding=\"async\" width=\"800\" height=\"800\" src=\"https:\/\/brnofilm.cz\/wp-content\/uploads\/2023\/10\/ivana_kosulicova_1_1-q3vr7fy5pfydtlfrehdz8eedz35qn2femlt77t7rps1.jpg\" class=\"attachment-large size-large wp-image-113\" alt=\"\" srcset=\"https:\/\/brnofilm.cz\/wp-content\/uploads\/2023\/10\/ivana_kosulicova_1_1-q3vr7fy5pfydtlfrehdz8eedz35qn2femlt77t7rps1.jpg 1000w, https:\/\/brnofilm.cz\/wp-content\/uploads\/2023\/10\/ivana_kosulicova_1_1-q3vr7fy5pfydtlfrehdz8eedz35qn2femlt77t7rps1-300x300.jpg 300w, https:\/\/brnofilm.cz\/wp-content\/uploads\/2023\/10\/ivana_kosulicova_1_1-q3vr7fy5pfydtlfrehdz8eedz35qn2femlt77t7rps1-150x150.jpg 150w, https:\/\/brnofilm.cz\/wp-content\/uploads\/2023\/10\/ivana_kosulicova_1_1-q3vr7fy5pfydtlfrehdz8eedz35qn2femlt77t7rps1-768x768.jpg 768w\" sizes=\"(max-width: 800px) 100vw, 800px\" \/>\t\t\t\t\t\t\t\t\t\t\t\t\t<\/div>\n\t\t\t\t<\/div>\n\t\t\t\t\t<\/div>\n\t\t<\/div>\n\t\t\t\t\t<\/div>\n\t\t<\/section>\n\t\t\t\t<section class=\"elementor-section elementor-top-section elementor-element elementor-element-182c5be elementor-reverse-tablet elementor-reverse-mobile elementor-section-boxed elementor-section-height-default elementor-section-height-default\" data-id=\"182c5be\" data-element_type=\"section\">\n\t\t\t\t\t\t<div class=\"elementor-container elementor-column-gap-no\">\n\t\t\t\t\t<div class=\"elementor-column elementor-col-100 elementor-top-column elementor-element elementor-element-1f81221\" data-id=\"1f81221\" data-element_type=\"column\">\n\t\t\t<div class=\"elementor-widget-wrap elementor-element-populated\">\n\t\t\t\t\t\t<div class=\"elementor-element elementor-element-52520ea elementor-widget elementor-widget-heading\" data-id=\"52520ea\" data-element_type=\"widget\" data-widget_type=\"heading.default\">\n\t\t\t\t<div class=\"elementor-widget-container\">\n\t\t\t<h2 class=\"elementor-heading-title elementor-size-default\">Partners<\/h2>\t\t<\/div>\n\t\t\t\t<\/div>\n\t\t<div class=\"elementor-element elementor-element-25c070d e-grid e-con-boxed e-con e-parent\" data-id=\"25c070d\" data-element_type=\"container\">\n\t\t\t\t\t<div class=\"e-con-inner\">\n\t\t\t\t<div class=\"elementor-element elementor-element-ded6ab5 elementor-widget elementor-widget-image\" data-id=\"ded6ab5\" data-element_type=\"widget\" data-widget_type=\"image.default\">\n\t\t\t\t<div class=\"elementor-widget-container\">\n\t\t\t\t\t\t\t\t\t\t\t\t\t\t<a href=\"https:\/\/www.gotobrno.cz\/\">\n\t\t\t\t\t\t\t<img decoding=\"async\" width=\"800\" height=\"145\" src=\"https:\/\/brnofilm.cz\/wp-content\/uploads\/2025\/02\/gtb-logo-1536x2781-1-1024x185.png\" class=\"attachment-large size-large wp-image-1680\" alt=\"\" srcset=\"https:\/\/brnofilm.cz\/wp-content\/uploads\/2025\/02\/gtb-logo-1536x2781-1-1024x185.png 1024w, https:\/\/brnofilm.cz\/wp-content\/uploads\/2025\/02\/gtb-logo-1536x2781-1-300x54.png 300w, https:\/\/brnofilm.cz\/wp-content\/uploads\/2025\/02\/gtb-logo-1536x2781-1-768x139.png 768w, https:\/\/brnofilm.cz\/wp-content\/uploads\/2025\/02\/gtb-logo-1536x2781-1-18x3.png 18w, https:\/\/brnofilm.cz\/wp-content\/uploads\/2025\/02\/gtb-logo-1536x2781-1.png 1536w\" sizes=\"(max-width: 800px) 100vw, 800px\" \/>\t\t\t\t\t\t\t\t<\/a>\n\t\t\t\t\t\t\t\t\t\t\t\t\t<\/div>\n\t\t\t\t<\/div>\n\t\t\t\t<div class=\"elementor-element elementor-element-a40fa8b elementor-widget elementor-widget-image\" data-id=\"a40fa8b\" data-element_type=\"widget\" data-widget_type=\"image.default\">\n\t\t\t\t<div class=\"elementor-widget-container\">\n\t\t\t\t\t\t\t\t\t\t\t\t\t<img decoding=\"async\" width=\"639\" height=\"639\" src=\"https:\/\/brnofilm.cz\/wp-content\/uploads\/2025\/02\/KAM1.png\" class=\"attachment-large size-large wp-image-1681\" alt=\"\" srcset=\"https:\/\/brnofilm.cz\/wp-content\/uploads\/2025\/02\/KAM1.png 639w, https:\/\/brnofilm.cz\/wp-content\/uploads\/2025\/02\/KAM1-300x300.png 300w, https:\/\/brnofilm.cz\/wp-content\/uploads\/2025\/02\/KAM1-150x150.png 150w, https:\/\/brnofilm.cz\/wp-content\/uploads\/2025\/02\/KAM1-12x12.png 12w\" sizes=\"(max-width: 639px) 100vw, 639px\" \/>\t\t\t\t\t\t\t\t\t\t\t\t\t<\/div>\n\t\t\t\t<\/div>\n\t\t\t\t<div class=\"elementor-element elementor-element-b5fa019 elementor-widget elementor-widget-image\" data-id=\"b5fa019\" data-element_type=\"widget\" data-widget_type=\"image.default\">\n\t\t\t\t<div class=\"elementor-widget-container\">\n\t\t\t\t\t\t\t\t\t\t\t\t\t\t<a href=\"https:\/\/www.filmcommission.cz\/\" target=\"_blank\">\n\t\t\t\t\t\t\t<img loading=\"lazy\" decoding=\"async\" width=\"800\" height=\"355\" src=\"https:\/\/brnofilm.cz\/wp-content\/uploads\/2025\/02\/czechfilmcommission_logo1-1024x454.jpg\" class=\"attachment-large size-large wp-image-1682\" alt=\"\" srcset=\"https:\/\/brnofilm.cz\/wp-content\/uploads\/2025\/02\/czechfilmcommission_logo1-1024x454.jpg 1024w, https:\/\/brnofilm.cz\/wp-content\/uploads\/2025\/02\/czechfilmcommission_logo1-300x133.jpg 300w, https:\/\/brnofilm.cz\/wp-content\/uploads\/2025\/02\/czechfilmcommission_logo1-768x340.jpg 768w, https:\/\/brnofilm.cz\/wp-content\/uploads\/2025\/02\/czechfilmcommission_logo1-1536x681.jpg 1536w, https:\/\/brnofilm.cz\/wp-content\/uploads\/2025\/02\/czechfilmcommission_logo1-18x8.jpg 18w, https:\/\/brnofilm.cz\/wp-content\/uploads\/2025\/02\/czechfilmcommission_logo1.jpg 1920w\" sizes=\"(max-width: 800px) 100vw, 800px\" \/>\t\t\t\t\t\t\t\t<\/a>\n\t\t\t\t\t\t\t\t\t\t\t\t\t<\/div>\n\t\t\t\t<\/div>\n\t\t\t\t<div class=\"elementor-element elementor-element-d332ad8 elementor-widget elementor-widget-image\" data-id=\"d332ad8\" data-element_type=\"widget\" data-widget_type=\"image.default\">\n\t\t\t\t<div class=\"elementor-widget-container\">\n\t\t\t\t\t\t\t\t\t\t\t\t\t\t<a href=\"https:\/\/eufcn.com\/\" target=\"_blank\">\n\t\t\t\t\t\t\t<img loading=\"lazy\" decoding=\"async\" width=\"800\" height=\"444\" src=\"https:\/\/brnofilm.cz\/wp-content\/uploads\/2025\/02\/european-film-commissions-network-eufcn-vector-logo1.png\" class=\"attachment-large size-large wp-image-1683\" alt=\"\" srcset=\"https:\/\/brnofilm.cz\/wp-content\/uploads\/2025\/02\/european-film-commissions-network-eufcn-vector-logo1.png 900w, https:\/\/brnofilm.cz\/wp-content\/uploads\/2025\/02\/european-film-commissions-network-eufcn-vector-logo1-300x167.png 300w, https:\/\/brnofilm.cz\/wp-content\/uploads\/2025\/02\/european-film-commissions-network-eufcn-vector-logo1-768x427.png 768w, https:\/\/brnofilm.cz\/wp-content\/uploads\/2025\/02\/european-film-commissions-network-eufcn-vector-logo1-18x10.png 18w\" sizes=\"(max-width: 800px) 100vw, 800px\" \/>\t\t\t\t\t\t\t\t<\/a>\n\t\t\t\t\t\t\t\t\t\t\t\t\t<\/div>\n\t\t\t\t<\/div>\n\t\t\t\t\t<\/div>\n\t\t\t\t<\/div>\n\t\t\t\t\t<\/div>\n\t\t<\/div>\n\t\t\t\t\t<\/div>\n\t\t<\/section>\n\t\t\t\t<\/div>","protected":false},"excerpt":{"rendered":"<p>Do you want to shoot with us?Call, write! BRNO FILM OFFICE TIC BRNO, p.o. Radnick\u00e1 365\/2 602 00 Brno Contact person Mgr. Ivana Ko\u0161uli\u010dov\u00e1 kosulicova@ticbrno.cz +420 773 771 556 \"I will connect you with the right people at the authorities, introduce you to the system of permits for filming in the city and the possibilities of financial support, advise you how to find the right people for the [...]<\/p>","protected":false},"author":1,"featured_media":1603,"parent":0,"menu_order":0,"comment_status":"closed","ping_status":"closed","template":"","meta":{"_acf_changed":false,"footnotes":""},"class_list":["post-111","page","type-page","status-publish","has-post-thumbnail","hentry"],"acf":[],"_links":{"self":[{"href":"https:\/\/brnofilm.cz\/en\/wp-json\/wp\/v2\/pages\/111","targetHints":{"allow":["GET"]}}],"collection":[{"href":"https:\/\/brnofilm.cz\/en\/wp-json\/wp\/v2\/pages"}],"about":[{"href":"https:\/\/brnofilm.cz\/en\/wp-json\/wp\/v2\/types\/page"}],"author":[{"embeddable":true,"href":"https:\/\/brnofilm.cz\/en\/wp-json\/wp\/v2\/users\/1"}],"replies":[{"embeddable":true,"href":"https:\/\/brnofilm.cz\/en\/wp-json\/wp\/v2\/comments?post=111"}],"version-history":[{"count":28,"href":"https:\/\/brnofilm.cz\/en\/wp-json\/wp\/v2\/pages\/111\/revisions"}],"predecessor-version":[{"id":1701,"href":"https:\/\/brnofilm.cz\/en\/wp-json\/wp\/v2\/pages\/111\/revisions\/1701"}],"wp:featuredmedia":[{"embeddable":true,"href":"https:\/\/brnofilm.cz\/en\/wp-json\/wp\/v2\/media\/1603"}],"wp:attachment":[{"href":"https:\/\/brnofilm.cz\/en\/wp-json\/wp\/v2\/media?parent=111"}],"curies":[{"name":"wp","href":"https:\/\/api.w.org\/{rel}","templated":true}]}}